{"id":10847,"date":"2026-03-25T16:34:32","date_gmt":"2026-03-25T20:34:32","guid":{"rendered":"https:\/\/staging.iesmontreal.ca\/?page_id=10847"},"modified":"2026-03-25T16:37:36","modified_gmt":"2026-03-25T20:37:36","slug":"a-propos","status":"publish","type":"page","link":"https:\/\/staging.iesmontreal.ca\/?page_id=10847","title":{"rendered":"\u00c0 Propos"},"content":{"rendered":"\t\t<div data-elementor-type=\"wp-page\" data-elementor-id=\"10847\" class=\"elementor elementor-10847\" data-elementor-post-type=\"page\">\n\t\t\t\t<div class=\"elementor-element elementor-element-1b1b638 e-flex e-con-boxed e-con e-parent\" data-id=\"1b1b638\" data-element_type=\"container\" data-e-type=\"container\" data-settings=\"{&quot;background_background&quot;:&quot;classic&quot;}\">\n\t\t\t\t\t<div class=\"e-con-inner\">\n\t\t<div class=\"elementor-element elementor-element-2926a7a e-con-full e-flex e-con e-child\" data-id=\"2926a7a\" data-element_type=\"container\" data-e-type=\"container\">\n\t\t\t\t<div class=\"elementor-element elementor-element-75ddbf3 elementor-widget elementor-widget-heading\" data-id=\"75ddbf3\" data-element_type=\"widget\" data-e-type=\"widget\" data-widget_type=\"heading.default\">\n\t\t\t\t\t<h2 class=\"elementor-heading-title elementor-size-default\">\u00c0 PROPOS DE IES MONTR\u00c9AL<\/h2>\t\t\t\t<\/div>\n\t\t\t\t<\/div>\n\t\t\t\t\t<\/div>\n\t\t\t\t<\/div>\n\t\t<div class=\"elementor-element elementor-element-d349e27 e-flex e-con-boxed e-con e-parent\" data-id=\"d349e27\" data-element_type=\"container\" data-e-type=\"container\" data-settings=\"{&quot;background_background&quot;:&quot;classic&quot;}\">\n\t\t\t\t\t<div class=\"e-con-inner\">\n\t\t<div class=\"elementor-element elementor-element-2ecc255 e-con-full e-flex e-con e-child\" data-id=\"2ecc255\" data-element_type=\"container\" data-e-type=\"container\">\n\t\t\t\t<div class=\"elementor-element elementor-element-e99f8da elementor-widget elementor-widget-heading\" data-id=\"e99f8da\" data-element_type=\"widget\" data-e-type=\"widget\" data-widget_type=\"heading.default\">\n\t\t\t\t\t<h2 class=\"elementor-heading-title elementor-size-default\">L'autorit\u00e9 en mati\u00e8re d'\u00e9clairage<\/h2>\t\t\t\t<\/div>\n\t\t\t\t<div class=\"elementor-element elementor-element-a989c38 elementor-widget-divider--view-line elementor-widget elementor-widget-divider\" data-id=\"a989c38\" data-element_type=\"widget\" data-e-type=\"widget\" data-widget_type=\"divider.default\">\n\t\t\t\t\t\t\t<div class=\"elementor-divider\">\n\t\t\t<span class=\"elementor-divider-separator\">\n\t\t\t\t\t\t<\/span>\n\t\t<\/div>\n\t\t\t\t\t\t<\/div>\n\t\t\t\t<div class=\"elementor-element elementor-element-e49e5b8 elementor-widget elementor-widget-text-editor\" data-id=\"e49e5b8\" data-element_type=\"widget\" data-e-type=\"widget\" data-widget_type=\"text-editor.default\">\n\t\t\t\t\t\t\t\t\t<p><span style=\"font-weight: 400;\">Fond\u00e9e en 1906, l&#8217;Illuminating Engineering Society est l&#8217;autorit\u00e9 technique et \u00e9ducative reconnue en mati\u00e8re d&#8217;\u00e9clairage. Notre mission est d&#8217;am\u00e9liorer l&#8217;environnement lumineux en r\u00e9unissant les personnes poss\u00e9dant des connaissances en \u00e9clairage et en traduisant ces connaissances en actions qui profitent au public. Nous proposons \u00e0 nos membres, qui sont des ing\u00e9nieurs, des architectes, des designers, des enseignants, des \u00e9tudiants, des entrepreneurs, des distributeurs, des employ\u00e9s de services publics, des fabricants et des scientifiques dans pr\u00e8s de 60 pays, diverses possibilit\u00e9s de d\u00e9veloppement professionnel, de publications, de r\u00e9seautage et de formation. Gr\u00e2ce \u00e0 notre processus accr\u00e9dit\u00e9 par l&#8217;American National Standards Institute (ANSI), nous publions et tenons \u00e0 jour la Lighting Library\u00ae, qui contient plus de 100 normes r\u00e9dig\u00e9es par des experts en la mati\u00e8re au sein de nos comit\u00e9s techniques.<\/span><\/p>\t\t\t\t\t\t\t\t<\/div>\n\t\t\t\t<\/div>\n\t\t\t\t\t<\/div>\n\t\t\t\t<\/div>\n\t\t<div class=\"elementor-element elementor-element-d505b72 e-flex e-con-boxed e-con e-parent\" data-id=\"d505b72\" data-element_type=\"container\" data-e-type=\"container\">\n\t\t\t\t\t<div class=\"e-con-inner\">\n\t\t\t\t<div class=\"elementor-element elementor-element-72301ef elementor-widget elementor-widget-heading\" data-id=\"72301ef\" data-element_type=\"widget\" data-e-type=\"widget\" data-widget_type=\"heading.default\">\n\t\t\t\t\t<h3 class=\"elementor-heading-title elementor-size-default\">Mission et vision<\/h3>\t\t\t\t<\/div>\n\t\t\t\t<div class=\"elementor-element elementor-element-3f9397e elementor-widget-divider--view-line elementor-widget elementor-widget-divider\" data-id=\"3f9397e\" data-element_type=\"widget\" data-e-type=\"widget\" data-widget_type=\"divider.default\">\n\t\t\t\t\t\t\t<div class=\"elementor-divider\">\n\t\t\t<span class=\"elementor-divider-separator\">\n\t\t\t\t\t\t<\/span>\n\t\t<\/div>\n\t\t\t\t\t\t<\/div>\n\t\t<div class=\"elementor-element elementor-element-8d6eed9 e-con-full e-flex e-con e-child\" data-id=\"8d6eed9\" data-element_type=\"container\" data-e-type=\"container\">\n\t\t<div class=\"elementor-element elementor-element-c5fd53b e-con-full e-flex e-con e-child\" data-id=\"c5fd53b\" data-element_type=\"container\" data-e-type=\"container\">\n\t\t\t\t<div class=\"elementor-element elementor-element-75d8024 elementor-icon-list--layout-traditional elementor-list-item-link-full_width elementor-widget elementor-widget-icon-list\" data-id=\"75d8024\" data-element_type=\"widget\" data-e-type=\"widget\" data-widget_type=\"icon-list.default\">\n\t\t\t\t\t\t\t<ul class=\"elementor-icon-list-items\">\n\t\t\t\t\t\t\t<li class=\"elementor-icon-list-item\">\n\t\t\t\t\t\t\t\t\t\t\t<span class=\"elementor-icon-list-icon\">\n\t\t\t\t\t\t\t<svg aria-hidden=\"true\" class=\"e-font-icon-svg e-fas-certificate\" viewBox=\"0 0 512 512\" xmlns=\"http:\/\/www.w3.org\/2000\/svg\"><path d=\"M458.622 255.92l45.985-45.005c13.708-12.977 7.316-36.039-10.664-40.339l-62.65-15.99 17.661-62.015c4.991-17.838-11.829-34.663-29.661-29.671l-61.994 17.667-15.984-62.671C337.085.197 313.765-6.276 300.99 7.228L256 53.57 211.011 7.229c-12.63-13.351-36.047-7.234-40.325 10.668l-15.984 62.671-61.995-17.667C74.87 57.907 58.056 74.738 63.046 92.572l17.661 62.015-62.65 15.99C.069 174.878-6.31 197.944 7.392 210.915l45.985 45.005-45.985 45.004c-13.708 12.977-7.316 36.039 10.664 40.339l62.65 15.99-17.661 62.015c-4.991 17.838 11.829 34.663 29.661 29.671l61.994-17.667 15.984 62.671c4.439 18.575 27.696 24.018 40.325 10.668L256 458.61l44.989 46.001c12.5 13.488 35.987 7.486 40.325-10.668l15.984-62.671 61.994 17.667c17.836 4.994 34.651-11.837 29.661-29.671l-17.661-62.015 62.65-15.99c17.987-4.302 24.366-27.367 10.664-40.339l-45.984-45.004z\"><\/path><\/svg>\t\t\t\t\t\t<\/span>\n\t\t\t\t\t\t\t\t\t\t<span class=\"elementor-icon-list-text\">\u00c9nonc\u00e9 de mission<\/span>\n\t\t\t\t\t\t\t\t\t<\/li>\n\t\t\t\t\t\t<\/ul>\n\t\t\t\t\t\t<\/div>\n\t\t\t\t<div class=\"elementor-element elementor-element-aceb8b5 elementor-widget elementor-widget-text-editor\" data-id=\"aceb8b5\" data-element_type=\"widget\" data-e-type=\"widget\" data-widget_type=\"text-editor.default\">\n\t\t\t\t\t\t\t\t\t<p><span style=\"font-weight: 400;\">L&#8217;IES cherche \u00e0 am\u00e9liorer l&#8217;environnement lumineux en r\u00e9unissant les personnes poss\u00e9dant des connaissances en \u00e9clairage et en traduisant ces connaissances en actions qui profitent au public. Plus pr\u00e9cis\u00e9ment, l&#8217;IES Montr\u00e9al cherche \u00e0 transmettre les enseignements de l&#8217;IES Am\u00e9rique du Nord \u00e0 la communaut\u00e9 francophone du Qu\u00e9bec.<\/span><\/p>\t\t\t\t\t\t\t\t<\/div>\n\t\t\t\t<\/div>\n\t\t<div class=\"elementor-element elementor-element-942b020 e-con-full e-flex e-con e-child\" data-id=\"942b020\" data-element_type=\"container\" data-e-type=\"container\">\n\t\t\t\t<div class=\"elementor-element elementor-element-2d94035 elementor-icon-list--layout-traditional elementor-list-item-link-full_width elementor-widget elementor-widget-icon-list\" data-id=\"2d94035\" data-element_type=\"widget\" data-e-type=\"widget\" data-widget_type=\"icon-list.default\">\n\t\t\t\t\t\t\t<ul class=\"elementor-icon-list-items\">\n\t\t\t\t\t\t\t<li class=\"elementor-icon-list-item\">\n\t\t\t\t\t\t\t\t\t\t\t<span class=\"elementor-icon-list-icon\">\n\t\t\t\t\t\t\t<svg aria-hidden=\"true\" class=\"e-font-icon-svg e-fas-eye\" viewBox=\"0 0 576 512\" xmlns=\"http:\/\/www.w3.org\/2000\/svg\"><path d=\"M572.52 241.4C518.29 135.59 410.93 64 288 64S57.68 135.64 3.48 241.41a32.35 32.35 0 0 0 0 29.19C57.71 376.41 165.07 448 288 448s230.32-71.64 284.52-177.41a32.35 32.35 0 0 0 0-29.19zM288 400a144 144 0 1 1 144-144 143.93 143.93 0 0 1-144 144zm0-240a95.31 95.31 0 0 0-25.31 3.79 47.85 47.85 0 0 1-66.9 66.9A95.78 95.78 0 1 0 288 160z\"><\/path><\/svg>\t\t\t\t\t\t<\/span>\n\t\t\t\t\t\t\t\t\t\t<span class=\"elementor-icon-list-text\">\u00c9nonc\u00e9 de vision<\/span>\n\t\t\t\t\t\t\t\t\t<\/li>\n\t\t\t\t\t\t<\/ul>\n\t\t\t\t\t\t<\/div>\n\t\t\t\t<div class=\"elementor-element elementor-element-d16dc40 elementor-widget elementor-widget-text-editor\" data-id=\"d16dc40\" data-element_type=\"widget\" data-e-type=\"widget\" data-widget_type=\"text-editor.default\">\n\t\t\t\t\t\t\t\t\t<p><span style=\"font-weight: 400;\">Devenir le leader mondial dans le domaine de l&#8217;\u00e9clairage, d\u00e9di\u00e9 \u00e0 communiquer la valeur de la qualit\u00e9 de l&#8217;\u00e9clairage \u00e0 ses membres, aux organisations professionnelles partenaires et au grand public.<\/span><\/p>\t\t\t\t\t\t\t\t<\/div>\n\t\t\t\t<\/div>\n\t\t\t\t<\/div>\n\t\t\t\t\t<\/div>\n\t\t\t\t<\/div>\n\t\t\t\t<\/div>\n\t\t","protected":false},"excerpt":{"rendered":"<p>\u00c0 PROPOS DE IES MONTR\u00c9AL L&#8217;autorit\u00e9 en mati\u00e8re d&#8217;\u00e9clairage Fond\u00e9e en 1906, l&#8217;Illuminating Engineering Society est l&#8217;autorit\u00e9 technique et \u00e9ducative reconnue en mati\u00e8re d&#8217;\u00e9clairage. Notre mission est d&#8217;am\u00e9liorer l&#8217;environnement lumineux en r\u00e9unissant les personnes poss\u00e9dant des connaissances en \u00e9clairage et en traduisant ces connaissances en actions qui profitent au public. Nous proposons \u00e0 nos membres, [&hellip;]<\/p>\n","protected":false},"author":8,"featured_media":0,"parent":0,"menu_order":0,"comment_status":"closed","ping_status":"closed","template":"elementor_header_footer","meta":{"_monsterinsights_skip_tracking":false,"_monsterinsights_sitenote_active":false,"_monsterinsights_sitenote_note":"","_monsterinsights_sitenote_category":0,"footnotes":""},"class_list":["post-10847","page","type-page","status-publish","hentry"],"_links":{"self":[{"href":"https:\/\/staging.iesmontreal.ca\/index.php?rest_route=\/wp\/v2\/pages\/10847","targetHints":{"allow":["GET"]}}],"collection":[{"href":"https:\/\/staging.iesmontreal.ca\/index.php?rest_route=\/wp\/v2\/pages"}],"about":[{"href":"https:\/\/staging.iesmontreal.ca\/index.php?rest_route=\/wp\/v2\/types\/page"}],"author":[{"embeddable":true,"href":"https:\/\/staging.iesmontreal.ca\/index.php?rest_route=\/wp\/v2\/users\/8"}],"replies":[{"embeddable":true,"href":"https:\/\/staging.iesmontreal.ca\/index.php?rest_route=%2Fwp%2Fv2%2Fcomments&post=10847"}],"version-history":[{"count":4,"href":"https:\/\/staging.iesmontreal.ca\/index.php?rest_route=\/wp\/v2\/pages\/10847\/revisions"}],"predecessor-version":[{"id":10851,"href":"https:\/\/staging.iesmontreal.ca\/index.php?rest_route=\/wp\/v2\/pages\/10847\/revisions\/10851"}],"wp:attachment":[{"href":"https:\/\/staging.iesmontreal.ca\/index.php?rest_route=%2Fwp%2Fv2%2Fmedia&parent=10847"}],"curies":[{"name":"wp","href":"https:\/\/api.w.org\/{rel}","templated":true}]}}