{"id":10866,"date":"2026-03-25T17:14:50","date_gmt":"2026-03-25T21:14:50","guid":{"rendered":"https:\/\/staging.iesmontreal.ca\/?page_id=10866"},"modified":"2026-04-01T11:39:24","modified_gmt":"2026-04-01T15:39:24","slug":"mot-du-president","status":"publish","type":"page","link":"https:\/\/staging.iesmontreal.ca\/?page_id=10866","title":{"rendered":"Mot du pr\u00e9sident"},"content":{"rendered":"\t\t<div data-elementor-type=\"wp-page\" data-elementor-id=\"10866\" class=\"elementor elementor-10866\" data-elementor-post-type=\"page\">\n\t\t\t\t<div class=\"elementor-element elementor-element-1b1b638 e-flex e-con-boxed e-con e-parent\" data-id=\"1b1b638\" data-element_type=\"container\" data-e-type=\"container\" data-settings=\"{&quot;background_background&quot;:&quot;classic&quot;}\">\n\t\t\t\t\t<div class=\"e-con-inner\">\n\t\t<div class=\"elementor-element elementor-element-2926a7a e-con-full e-flex e-con e-child\" data-id=\"2926a7a\" data-element_type=\"container\" data-e-type=\"container\">\n\t\t\t\t<div class=\"elementor-element elementor-element-75ddbf3 elementor-widget elementor-widget-heading\" data-id=\"75ddbf3\" data-element_type=\"widget\" data-e-type=\"widget\" data-widget_type=\"heading.default\">\n\t\t\t\t\t<h2 class=\"elementor-heading-title elementor-size-default\">MOT DU PR\u00c9SIDENT<\/h2>\t\t\t\t<\/div>\n\t\t\t\t<\/div>\n\t\t\t\t\t<\/div>\n\t\t\t\t<\/div>\n\t\t<div class=\"elementor-element elementor-element-d349e27 e-flex e-con-boxed e-con e-parent\" data-id=\"d349e27\" data-element_type=\"container\" data-e-type=\"container\" data-settings=\"{&quot;background_background&quot;:&quot;classic&quot;}\">\n\t\t\t\t\t<div class=\"e-con-inner\">\n\t\t<div class=\"elementor-element elementor-element-2ecc255 e-con-full e-flex e-con e-child\" data-id=\"2ecc255\" data-element_type=\"container\" data-e-type=\"container\">\n\t\t\t\t<div class=\"elementor-element elementor-element-e99f8da elementor-widget elementor-widget-heading\" data-id=\"e99f8da\" data-element_type=\"widget\" data-e-type=\"widget\" data-widget_type=\"heading.default\">\n\t\t\t\t\t<h2 class=\"elementor-heading-title elementor-size-default\">Mot du pr\u00e9sident 2025-2026<\/h2>\t\t\t\t<\/div>\n\t\t\t\t<div class=\"elementor-element elementor-element-a989c38 elementor-widget-divider--view-line elementor-widget elementor-widget-divider\" data-id=\"a989c38\" data-element_type=\"widget\" data-e-type=\"widget\" data-widget_type=\"divider.default\">\n\t\t\t\t\t\t\t<div class=\"elementor-divider\">\n\t\t\t<span class=\"elementor-divider-separator\">\n\t\t\t\t\t\t<\/span>\n\t\t<\/div>\n\t\t\t\t\t\t<\/div>\n\t\t\t\t<div class=\"elementor-element elementor-element-e49e5b8 elementor-widget elementor-widget-text-editor\" data-id=\"e49e5b8\" data-element_type=\"widget\" data-e-type=\"widget\" data-widget_type=\"text-editor.default\">\n\t\t\t\t\t\t\t\t\t<p><img fetchpriority=\"high\" decoding=\"async\" class=\"alignright wp-image-8174 size-medium\" src=\"https:\/\/staging.iesmontreal.ca\/wp-content\/uploads\/2023\/08\/JMoreau-scaled-e1775057377889-300x300.jpg\" alt=\"\" width=\"300\" height=\"300\" srcset=\"https:\/\/staging.iesmontreal.ca\/wp-content\/uploads\/2023\/08\/JMoreau-scaled-e1775057377889-300x300.jpg 300w, https:\/\/staging.iesmontreal.ca\/wp-content\/uploads\/2023\/08\/JMoreau-scaled-e1775057377889-1024x1024.jpg 1024w, https:\/\/staging.iesmontreal.ca\/wp-content\/uploads\/2023\/08\/JMoreau-scaled-e1775057377889-150x150.jpg 150w, https:\/\/staging.iesmontreal.ca\/wp-content\/uploads\/2023\/08\/JMoreau-scaled-e1775057377889-768x768.jpg 768w, https:\/\/staging.iesmontreal.ca\/wp-content\/uploads\/2023\/08\/JMoreau-scaled-e1775057377889-1536x1536.jpg 1536w, https:\/\/staging.iesmontreal.ca\/wp-content\/uploads\/2023\/08\/elementor\/thumbs\/JMoreau-scaled-e1775057377889-rldfg4dbb6js0qzp5krk69yivvc99q3z8bf2xyjm9c.jpg 600w, https:\/\/staging.iesmontreal.ca\/wp-content\/uploads\/2023\/08\/JMoreau-scaled-e1775057377889-100x100.jpg 100w, https:\/\/staging.iesmontreal.ca\/wp-content\/uploads\/2023\/08\/JMoreau-scaled-e1775057377889.jpg 1920w\" sizes=\"(max-width: 300px) 100vw, 300px\" \/><\/p><p><span style=\"font-weight: 400;\">Bonjour \u00e0 tous,<\/span><\/p><p><span style=\"font-weight: 400;\">Il me fait grand plaisir de continuer la mission de l\u2019IES Montr\u00e9al dans ce r\u00f4le de pr\u00e9sident pour la saison 2025-2026.<\/span><\/p><p><span style=\"font-weight: 400;\">Notre chapitre \u00e9tant le seul qui fait une promotion francophone des bonnes pratiques en \u00e9clairage dans tout l\u2019Am\u00e9rique du Nord doit rester actuel et vivant. Gr\u00e2ce \u00e0 vous les membres ainsi qu\u2019aux membres du conseil cela est r\u00e9alisable depuis des d\u00e9cennies<\/span><\/p><p><strong>Pour ce mandat, je vois des grands enjeux pour notre association :<\/strong><\/p><ul><li><span style=\"font-weight: 400;\">Renouveler l&#8217;adh\u00e9sion \u00e0 ce qu&#8217;elle \u00e9tait avant COVID-19. Nous devons avoir une plus grande implication des jeunes membres et augmenter le nombre de nouveaux membres.<\/span><\/li><li>Promouvoir les relations avec les g\u00e9nies conseils et les universit\u00e9s. Nous avons commenc\u00e9 cette ann\u00e9e et c\u2019est un point tr\u00e8s important pour la rel\u00e8ve.<\/li><li>Renouveler le site web pour am\u00e9liorer le service client. Simplifier les transactions pour que les gens puissent participer au activit\u00e9 facilement.<\/li><li>Augmenter le support de PGA pour que le C.A. Soit en mesure de plus redonner aux membres et apporter encore plus d\u2019activit\u00e9 attirant.\u00a0<\/li><\/ul><p><span style=\"font-weight: 400;\">Gr\u00e2ce \u00e0 vous, les membres et les parrains, cette ann\u00e9e nous sommes en mesure d&#8217;offrir plus d&#8217;activit\u00e9s que jamais. La premi\u00e8re partie de notre calendrier de cette saison est d\u00e9j\u00e0 compl\u00e8te. Nous continuerons donc \u00e0 proposer :<\/span><\/p><ul><li><span style=\"font-weight: 400;\">Des formations lunch-\u00e9clairs pertinentes et compl\u00e8tes.<\/span><\/li><li>Des activit\u00e9s de valorisations de nos r\u00e9ussites locales gr\u00e2ce \u00e0 la Soir\u00e9e Lumi\u00e8re<\/li><li>Des activit\u00e9s de r\u00e9seautage social gr\u00e2ce \u00e0 notre Golf annuel<\/li><\/ul><p><span style=\"font-weight: 400;\">Nous avons \u00e9galement d&#8217;autres activit\u00e9s qui ont \u00e9t\u00e9 test\u00e9es l&#8217;ann\u00e9e derni\u00e8re avec beaucoup de succ\u00e8s et de nouvelles activit\u00e9s qui seront test\u00e9es cette ann\u00e9e.<\/span><\/p><p><span style=\"font-weight: 400;\">Je vous invite tous \u00e0 vous joindre \u00e0 moi et \u00e0 votre conseil au cours des prochaines ann\u00e9es charni\u00e8res qui fa\u00e7onneront la prochaine \u00e8re de cette grande association.<\/span><\/p><p><strong>Cette association vous appartient!<\/strong><\/p>\t\t\t\t\t\t\t\t<\/div>\n\t\t\t\t<div class=\"elementor-element elementor-element-698d242 elementor-blockquote--align-left elementor-blockquote--skin-border elementor-widget elementor-widget-blockquote\" data-id=\"698d242\" data-element_type=\"widget\" data-e-type=\"widget\" data-widget_type=\"blockquote.default\">\n\t\t\t\t\t\t\t<blockquote class=\"elementor-blockquote\">\n\t\t\t<p class=\"elementor-blockquote__content\">\n\t\t\t\t\t\t\t<\/p>\n\t\t\t\t\t\t\t<div class=\"e-q-footer\">\n\t\t\t\t\t\t\t\t\t\t\t<cite class=\"elementor-blockquote__author\">JONATHAN MOREAU - Pr\u00e9sident<\/cite>\n\t\t\t\t\t\t\t\t\t\t\t\t\t\t<\/div>\n\t\t\t\t\t<\/blockquote>\n\t\t\t\t\t\t<\/div>\n\t\t\t\t<\/div>\n\t\t\t\t\t<\/div>\n\t\t\t\t<\/div>\n\t\t\t\t<\/div>\n\t\t","protected":false},"excerpt":{"rendered":"<p>MOT DU PR\u00c9SIDENT Mot du pr\u00e9sident 2025-2026 Bonjour \u00e0 tous, Il me fait grand plaisir de continuer la mission de l\u2019IES Montr\u00e9al dans ce r\u00f4le de pr\u00e9sident pour la saison 2025-2026. Notre chapitre \u00e9tant le seul qui fait une promotion francophone des bonnes pratiques en \u00e9clairage dans tout l\u2019Am\u00e9rique du Nord doit rester actuel et [&hellip;]<\/p>\n","protected":false},"author":8,"featured_media":0,"parent":10847,"menu_order":0,"comment_status":"closed","ping_status":"closed","template":"elementor_header_footer","meta":{"_monsterinsights_skip_tracking":false,"_monsterinsights_sitenote_active":false,"_monsterinsights_sitenote_note":"","_monsterinsights_sitenote_category":0,"footnotes":""},"class_list":["post-10866","page","type-page","status-publish","hentry"],"_links":{"self":[{"href":"https:\/\/staging.iesmontreal.ca\/index.php?rest_route=\/wp\/v2\/pages\/10866","targetHints":{"allow":["GET"]}}],"collection":[{"href":"https:\/\/staging.iesmontreal.ca\/index.php?rest_route=\/wp\/v2\/pages"}],"about":[{"href":"https:\/\/staging.iesmontreal.ca\/index.php?rest_route=\/wp\/v2\/types\/page"}],"author":[{"embeddable":true,"href":"https:\/\/staging.iesmontreal.ca\/index.php?rest_route=\/wp\/v2\/users\/8"}],"replies":[{"embeddable":true,"href":"https:\/\/staging.iesmontreal.ca\/index.php?rest_route=%2Fwp%2Fv2%2Fcomments&post=10866"}],"version-history":[{"count":10,"href":"https:\/\/staging.iesmontreal.ca\/index.php?rest_route=\/wp\/v2\/pages\/10866\/revisions"}],"predecessor-version":[{"id":11112,"href":"https:\/\/staging.iesmontreal.ca\/index.php?rest_route=\/wp\/v2\/pages\/10866\/revisions\/11112"}],"up":[{"embeddable":true,"href":"https:\/\/staging.iesmontreal.ca\/index.php?rest_route=\/wp\/v2\/pages\/10847"}],"wp:attachment":[{"href":"https:\/\/staging.iesmontreal.ca\/index.php?rest_route=%2Fwp%2Fv2%2Fmedia&parent=10866"}],"curies":[{"name":"wp","href":"https:\/\/api.w.org\/{rel}","templated":true}]}}